{"id":57,"date":"2020-05-12T11:04:18","date_gmt":"2020-05-12T09:04:18","guid":{"rendered":"http:\/\/neurofeedback-troyes.com\/?page_id=57"},"modified":"2022-05-24T14:09:59","modified_gmt":"2022-05-24T12:09:59","slug":"articles","status":"publish","type":"page","link":"https:\/\/neurofeedback-troyes.com\/index.php\/articles\/","title":{"rendered":"Nos Articles sur le Neurofeedback"},"content":{"rendered":"\t\t<div data-elementor-type=\"wp-page\" data-elementor-id=\"57\" class=\"elementor elementor-57\">\n\t\t\t\t\t\t<section class=\"elementor-section elementor-top-section elementor-element elementor-element-fc6842e elementor-section-height-min-height elementor-section-stretched elementor-section-boxed elementor-section-height-default elementor-section-items-middle\" data-id=\"fc6842e\" data-element_type=\"section\" data-e-type=\"section\" data-settings=\"{&quot;background_background&quot;:&quot;classic&quot;,&quot;stretch_section&quot;:&quot;section-stretched&quot;}\">\n\t\t\t\t\t\t<div class=\"elementor-container elementor-column-gap-default\">\n\t\t\t\t\t<div class=\"elementor-column elementor-col-100 elementor-top-column elementor-element elementor-element-c2366e3\" data-id=\"c2366e3\" data-element_type=\"column\" data-e-type=\"column\">\n\t\t\t<div class=\"elementor-widget-wrap elementor-element-populated\">\n\t\t\t\t\t\t<div class=\"elementor-element elementor-element-984cff4 elementor-widget elementor-widget-heading\" data-id=\"984cff4\" data-element_type=\"widget\" data-e-type=\"widget\" data-widget_type=\"heading.default\">\n\t\t\t\t<div class=\"elementor-widget-container\">\n\t\t\t\t\t<h1 class=\"elementor-heading-title elementor-size-default\">Nos articles sur le Neurofeedback<\/h1>\t\t\t\t<\/div>\n\t\t\t\t<\/div>\n\t\t\t\t\t<\/div>\n\t\t<\/div>\n\t\t\t\t\t<\/div>\n\t\t<\/section>\n\t\t\t\t<section class=\"elementor-section elementor-top-section elementor-element elementor-element-29b043dd elementor-section-boxed elementor-section-height-default elementor-section-height-default\" data-id=\"29b043dd\" data-element_type=\"section\" data-e-type=\"section\">\n\t\t\t\t\t\t<div class=\"elementor-container elementor-column-gap-default\">\n\t\t\t\t\t<div class=\"elementor-column elementor-col-100 elementor-top-column elementor-element elementor-element-48b33912\" data-id=\"48b33912\" data-element_type=\"column\" data-e-type=\"column\">\n\t\t\t<div class=\"elementor-widget-wrap elementor-element-populated\">\n\t\t\t\t\t\t<div class=\"elementor-element elementor-element-1c1e4357 elementor-widget elementor-widget-text-editor\" data-id=\"1c1e4357\" data-element_type=\"widget\" data-e-type=\"widget\" data-widget_type=\"text-editor.default\">\n\t\t\t\t<div class=\"elementor-widget-container\">\n\t\t\t\t\t\t\t\t\t\n<p style=\"background-color:#ffffff\" class=\"has-background\"><\/p>\n\n\n\n<div class=\"wp-block-columns is-layout-flex wp-container-core-columns-is-layout-28f84493 wp-block-columns-is-layout-flex\">\n<div class=\"wp-block-column is-layout-flow wp-block-column-is-layout-flow\">\n<div class=\"wp-block-image img-articles\"><figure class=\"aligncenter size-large is-resized\"><a href=\"https:\/\/neurofeedback-troyes.com\/index.php\/origine-du-neurofeedback\/\"><img fetchpriority=\"high\" decoding=\"async\" src=\"https:\/\/neurofeedback-troyes.com\/wp-content\/uploads\/2020\/05\/image-archive_machine-neurofeedback.png\" alt=\"image s\u00e9ance avec premi\u00e8re machine Neurofeedback\" class=\"wp-image-277\" width=\"500\" height=\"350\"\/><\/a><figcaption>Article &#8211; <strong>Origine du Neurofeedback<\/strong><\/figcaption><\/figure><\/div>\n\n\n\n<div class=\"wp-block-image img-articles\"><figure class=\"aligncenter size-large is-resized\"><a href=\"https:\/\/neurofeedback-troyes.com\/index.php\/le-cerveau-par-rapport-a-neuroptimal\/\"><img decoding=\"async\" src=\"https:\/\/neurofeedback-troyes.com\/wp-content\/uploads\/2020\/05\/r-seau-neuronal_orig.jpg\" alt=\"image repr\u00e9sentant des connexions neuronales\" class=\"wp-image-545\" width=\"500\" height=\"350\" srcset=\"https:\/\/neurofeedback-troyes.com\/wp-content\/uploads\/2020\/05\/r-seau-neuronal_orig.jpg 500w, https:\/\/neurofeedback-troyes.com\/wp-content\/uploads\/2020\/05\/r-seau-neuronal_orig-300x210.jpg 300w\" sizes=\"(max-width: 500px) 100vw, 500px\" \/><\/a><figcaption>Article &#8211; <strong>Le cerveau par rapport \u00e0 NeurOptimal\u00ae<\/strong><\/figcaption><\/figure><\/div>\n\n\n\n<div class=\"wp-block-image img-articles\"><figure class=\"aligncenter size-large\"><a href=\"https:\/\/neurofeedback-troyes.com\/index.php\/les-questions-les-plus-frequentes-concernant-neuroptimal\/\"><img decoding=\"async\" width=\"504\" height=\"353\" src=\"https:\/\/neurofeedback-troyes.com\/wp-content\/uploads\/2020\/05\/iconebis.png\" alt=\"image illustrant un point interrogation dans une tablette connect\u00e9e au cerveau\" class=\"wp-image-987\" srcset=\"https:\/\/neurofeedback-troyes.com\/wp-content\/uploads\/2020\/05\/iconebis.png 504w, https:\/\/neurofeedback-troyes.com\/wp-content\/uploads\/2020\/05\/iconebis-300x210.png 300w\" sizes=\"(max-width: 504px) 100vw, 504px\" \/><\/a><figcaption>Article &#8211; <strong>Les questions les plus fr\u00e9quentes sur<\/strong> <strong>NeurOptimal\u00ae<\/strong><\/figcaption><\/figure><\/div>\n\n\n\n<p><\/p>\n<\/div>\n\n\n\n<div class=\"wp-block-column is-layout-flow wp-block-column-is-layout-flow\">\n<div class=\"wp-block-image img-articles\"><figure class=\"aligncenter size-large is-resized\"><a href=\"https:\/\/neurofeedback-troyes.com\/index.php\/neuroptimal\/\"><img decoding=\"async\" src=\"https:\/\/neurofeedback-troyes.com\/wp-content\/uploads\/2020\/05\/20170707-neuroptimal-stock-56-1.jpeg\" alt=\"image enfant en s\u00e9ance NeurOptimal\u00ae\" class=\"wp-image-568\" width=\"500\" srcset=\"https:\/\/neurofeedback-troyes.com\/wp-content\/uploads\/2020\/05\/20170707-neuroptimal-stock-56-1.jpeg 501w, https:\/\/neurofeedback-troyes.com\/wp-content\/uploads\/2020\/05\/20170707-neuroptimal-stock-56-1-300x210.jpeg 300w\" sizes=\"(max-width: 501px) 100vw, 501px\" \/><\/a><figcaption>Article &#8211; <strong>Pr\u00e9sentation compl\u00e8te sur NeurOptimal\u00ae<\/strong><\/figcaption><\/figure><\/div>\n\n\n\n<div class=\"wp-block-image img-articles\"><figure class=\"aligncenter size-large is-resized\"><a href=\"https:\/\/neurofeedback-troyes.com\/index.php\/neurofeedback-dynamique-et-lineaire\/\"><img loading=\"lazy\" decoding=\"async\" src=\"https:\/\/neurofeedback-troyes.com\/wp-content\/uploads\/2020\/05\/feedback-1.jpg\" alt=\"rapport sur tablette de l'activit\u00e9 c\u00e9r\u00e9brale d'un cerveau\" class=\"wp-image-534\" width=\"500\" height=\"350\" srcset=\"https:\/\/neurofeedback-troyes.com\/wp-content\/uploads\/2020\/05\/feedback-1.jpg 500w, https:\/\/neurofeedback-troyes.com\/wp-content\/uploads\/2020\/05\/feedback-1-300x210.jpg 300w\" sizes=\"(max-width: 500px) 100vw, 500px\" \/><\/a><figcaption>Article &#8211; <strong>Neurofeedback dynamique et lin\u00e9aire<\/strong><\/figcaption><\/figure><\/div>\n\n\n\n<div class=\"wp-block-image img-articles\"><figure class=\"aligncenter size-large\"><a href=\"https:\/\/neurofeedback-troyes.com\/index.php\/neuroptimal-aussi-pour-les-animaux\/\"><img loading=\"lazy\" decoding=\"async\" width=\"500\" height=\"350\" src=\"https:\/\/neurofeedback-troyes.com\/wp-content\/uploads\/2020\/05\/animal1.jpg\" alt=\"chien de race boxer, avec les capteurs pour la s\u00e9ance NeurOptimal\u00ae\" class=\"wp-image-556\" srcset=\"https:\/\/neurofeedback-troyes.com\/wp-content\/uploads\/2020\/05\/animal1.jpg 500w, https:\/\/neurofeedback-troyes.com\/wp-content\/uploads\/2020\/05\/animal1-300x210.jpg 300w\" sizes=\"(max-width: 500px) 100vw, 500px\" \/><\/a><figcaption>Article &#8211; <strong>NeurOptimal\u00ae sur les animaux<\/strong><\/figcaption><\/figure><\/div>\n\n\n\n<p><\/p>\n<\/div>\n<\/div>\n\n\n\n<p><\/p>\n\t\t\t\t\t\t\t\t<\/div>\n\t\t\t\t<\/div>\n\t\t\t\t\t<\/div>\n\t\t<\/div>\n\t\t\t\t\t<\/div>\n\t\t<\/section>\n\t\t\t\t<\/div>\n\t\t","protected":false},"excerpt":{"rendered":"<p>Nos articles sur le Neurofeedback<\/p>\n","protected":false},"author":2,"featured_media":0,"parent":0,"menu_order":0,"comment_status":"closed","ping_status":"closed","template":"elementor_header_footer","meta":{"site-sidebar-layout":"default","site-content-layout":"default","ast-site-content-layout":"","site-content-style":"default","site-sidebar-style":"default","ast-global-header-display":"","ast-banner-title-visibility":"","ast-main-header-display":"","ast-hfb-above-header-display":"","ast-hfb-below-header-display":"","ast-hfb-mobile-header-display":"","site-post-title":"","ast-breadcrumbs-content":"","ast-featured-img":"","footer-sml-layout":"","theme-transparent-header-meta":"default","adv-header-id-meta":"","stick-header-meta":"","header-above-stick-meta":"","header-main-stick-meta":"","header-below-stick-meta":"","astra-migrate-meta-layouts":"default","ast-page-background-enabled":"default","ast-page-background-meta":{"desktop":{"background-color":"","background-image":"","background-repeat":"repeat","background-position":"center center","background-size":"auto","background-attachment":"scroll","background-type":"","background-media":"","overlay-type":"","overlay-color":"","overlay-opacity":"","overlay-gradient":""},"tablet":{"background-color":"","background-image":"","background-repeat":"repeat","background-position":"center center","background-size":"auto","background-attachment":"scroll","background-type":"","background-media":"","overlay-type":"","overlay-color":"","overlay-opacity":"","overlay-gradient":""},"mobile":{"background-color":"","background-image":"","background-repeat":"repeat","background-position":"center center","background-size":"auto","background-attachment":"scroll","background-type":"","background-media":"","overlay-type":"","overlay-color":"","overlay-opacity":"","overlay-gradient":""}},"ast-content-background-meta":{"desktop":{"background-color":"var(--ast-global-color-5)","background-image":"","background-repeat":"repeat","background-position":"center center","background-size":"auto","background-attachment":"scroll","background-type":"","background-media":"","overlay-type":"","overlay-color":"","overlay-opacity":"","overlay-gradient":""},"tablet":{"background-color":"var(--ast-global-color-5)","background-image":"","background-repeat":"repeat","background-position":"center center","background-size":"auto","background-attachment":"scroll","background-type":"","background-media":"","overlay-type":"","overlay-color":"","overlay-opacity":"","overlay-gradient":""},"mobile":{"background-color":"var(--ast-global-color-5)","background-image":"","background-repeat":"repeat","background-position":"center center","background-size":"auto","background-attachment":"scroll","background-type":"","background-media":"","overlay-type":"","overlay-color":"","overlay-opacity":"","overlay-gradient":""}},"footnotes":""},"class_list":["post-57","page","type-page","status-publish","hentry"],"yoast_head":"<!-- This site is optimized with the Yoast SEO plugin v27.4 - https:\/\/yoast.com\/product\/yoast-seo-wordpress\/ -->\n<title>Nos Articles sur le Neurofeedback - Neurofeedback Troyes<\/title>\n<meta name=\"description\" content=\"Pour en apprendre plus sur le Neurofeedback Dynamique \u00ae, D\u00e9couvr\u00e9 tous nos articles sur ce sujet pour vous renseign\u00e9.\" \/>\n<meta name=\"robots\" content=\"index, follow, max-snippet:-1, max-image-preview:large, max-video-preview:-1\" \/>\n<link rel=\"canonical\" href=\"https:\/\/neurofeedback-troyes.com\/index.php\/articles\/\" \/>\n<meta property=\"og:locale\" content=\"fr_FR\" \/>\n<meta property=\"og:type\" content=\"article\" \/>\n<meta property=\"og:title\" content=\"Nos Articles sur le Neurofeedback - Neurofeedback Troyes\" \/>\n<meta property=\"og:description\" content=\"Pour en apprendre plus sur le Neurofeedback Dynamique \u00ae, D\u00e9couvr\u00e9 tous nos articles sur ce sujet pour vous renseign\u00e9.\" \/>\n<meta property=\"og:url\" content=\"https:\/\/neurofeedback-troyes.com\/index.php\/articles\/\" \/>\n<meta property=\"article:modified_time\" content=\"2022-05-24T12:09:59+00:00\" \/>\n<meta property=\"og:image\" content=\"http:\/\/neurofeedback-troyes.com\/wp-content\/uploads\/2020\/05\/image-archive_machine-neurofeedback.png\" \/>\n<meta name=\"twitter:card\" content=\"summary_large_image\" \/>\n<script type=\"application\/ld+json\" class=\"yoast-schema-graph\">{\"@context\":\"https:\\\/\\\/schema.org\",\"@graph\":[{\"@type\":\"WebPage\",\"@id\":\"https:\\\/\\\/neurofeedback-troyes.com\\\/index.php\\\/articles\\\/\",\"url\":\"https:\\\/\\\/neurofeedback-troyes.com\\\/index.php\\\/articles\\\/\",\"name\":\"Nos Articles sur le Neurofeedback - Neurofeedback Troyes\",\"isPartOf\":{\"@id\":\"https:\\\/\\\/lime-rhinoceros-465958.hostingersite.com\\\/#website\"},\"primaryImageOfPage\":{\"@id\":\"https:\\\/\\\/neurofeedback-troyes.com\\\/index.php\\\/articles\\\/#primaryimage\"},\"image\":{\"@id\":\"https:\\\/\\\/neurofeedback-troyes.com\\\/index.php\\\/articles\\\/#primaryimage\"},\"thumbnailUrl\":\"http:\\\/\\\/neurofeedback-troyes.com\\\/wp-content\\\/uploads\\\/2020\\\/05\\\/image-archive_machine-neurofeedback.png\",\"datePublished\":\"2020-05-12T09:04:18+00:00\",\"dateModified\":\"2022-05-24T12:09:59+00:00\",\"description\":\"Pour en apprendre plus sur le Neurofeedback Dynamique \u00ae, D\u00e9couvr\u00e9 tous nos articles sur ce sujet pour vous renseign\u00e9.\",\"breadcrumb\":{\"@id\":\"https:\\\/\\\/neurofeedback-troyes.com\\\/index.php\\\/articles\\\/#breadcrumb\"},\"inLanguage\":\"fr-FR\",\"potentialAction\":[{\"@type\":\"ReadAction\",\"target\":[\"https:\\\/\\\/neurofeedback-troyes.com\\\/index.php\\\/articles\\\/\"]}]},{\"@type\":\"ImageObject\",\"inLanguage\":\"fr-FR\",\"@id\":\"https:\\\/\\\/neurofeedback-troyes.com\\\/index.php\\\/articles\\\/#primaryimage\",\"url\":\"https:\\\/\\\/neurofeedback-troyes.com\\\/wp-content\\\/uploads\\\/2020\\\/05\\\/image-archive_machine-neurofeedback.png\",\"contentUrl\":\"https:\\\/\\\/neurofeedback-troyes.com\\\/wp-content\\\/uploads\\\/2020\\\/05\\\/image-archive_machine-neurofeedback.png\",\"width\":399,\"height\":284},{\"@type\":\"BreadcrumbList\",\"@id\":\"https:\\\/\\\/neurofeedback-troyes.com\\\/index.php\\\/articles\\\/#breadcrumb\",\"itemListElement\":[{\"@type\":\"ListItem\",\"position\":1,\"name\":\"Accueil\",\"item\":\"https:\\\/\\\/neurofeedback-troyes.com\\\/\"},{\"@type\":\"ListItem\",\"position\":2,\"name\":\"Nos Articles sur le Neurofeedback\"}]},{\"@type\":\"WebSite\",\"@id\":\"https:\\\/\\\/lime-rhinoceros-465958.hostingersite.com\\\/#website\",\"url\":\"https:\\\/\\\/lime-rhinoceros-465958.hostingersite.com\\\/\",\"name\":\"neurofeedback-troyes\",\"description\":\"NeuroFeedback Troyes - Votre vie sera meilleur\",\"publisher\":{\"@id\":\"https:\\\/\\\/lime-rhinoceros-465958.hostingersite.com\\\/#\\\/schema\\\/person\\\/529e7d2f02ceb05384cddd0fbb0ee27f\"},\"potentialAction\":[{\"@type\":\"SearchAction\",\"target\":{\"@type\":\"EntryPoint\",\"urlTemplate\":\"https:\\\/\\\/lime-rhinoceros-465958.hostingersite.com\\\/?s={search_term_string}\"},\"query-input\":{\"@type\":\"PropertyValueSpecification\",\"valueRequired\":true,\"valueName\":\"search_term_string\"}}],\"inLanguage\":\"fr-FR\"},{\"@type\":[\"Person\",\"Organization\"],\"@id\":\"https:\\\/\\\/lime-rhinoceros-465958.hostingersite.com\\\/#\\\/schema\\\/person\\\/529e7d2f02ceb05384cddd0fbb0ee27f\",\"name\":\"admin5586\",\"image\":{\"@type\":\"ImageObject\",\"inLanguage\":\"fr-FR\",\"@id\":\"https:\\\/\\\/neurofeedback-troyes.com\\\/wp-content\\\/uploads\\\/2020\\\/05\\\/cropped-logo2-1.png\",\"url\":\"https:\\\/\\\/neurofeedback-troyes.com\\\/wp-content\\\/uploads\\\/2020\\\/05\\\/cropped-logo2-1.png\",\"contentUrl\":\"https:\\\/\\\/neurofeedback-troyes.com\\\/wp-content\\\/uploads\\\/2020\\\/05\\\/cropped-logo2-1.png\",\"width\":374,\"height\":71,\"caption\":\"admin5586\"},\"logo\":{\"@id\":\"https:\\\/\\\/neurofeedback-troyes.com\\\/wp-content\\\/uploads\\\/2020\\\/05\\\/cropped-logo2-1.png\"}}]}<\/script>\n<!-- \/ Yoast SEO plugin. -->","yoast_head_json":{"title":"Nos Articles sur le Neurofeedback - Neurofeedback Troyes","description":"Pour en apprendre plus sur le Neurofeedback Dynamique \u00ae, D\u00e9couvr\u00e9 tous nos articles sur ce sujet pour vous renseign\u00e9.","robots":{"index":"index","follow":"follow","max-snippet":"max-snippet:-1","max-image-preview":"max-image-preview:large","max-video-preview":"max-video-preview:-1"},"canonical":"https:\/\/neurofeedback-troyes.com\/index.php\/articles\/","og_locale":"fr_FR","og_type":"article","og_title":"Nos Articles sur le Neurofeedback - Neurofeedback Troyes","og_description":"Pour en apprendre plus sur le Neurofeedback Dynamique \u00ae, D\u00e9couvr\u00e9 tous nos articles sur ce sujet pour vous renseign\u00e9.","og_url":"https:\/\/neurofeedback-troyes.com\/index.php\/articles\/","article_modified_time":"2022-05-24T12:09:59+00:00","og_image":[{"url":"http:\/\/neurofeedback-troyes.com\/wp-content\/uploads\/2020\/05\/image-archive_machine-neurofeedback.png","type":"","width":"","height":""}],"twitter_card":"summary_large_image","schema":{"@context":"https:\/\/schema.org","@graph":[{"@type":"WebPage","@id":"https:\/\/neurofeedback-troyes.com\/index.php\/articles\/","url":"https:\/\/neurofeedback-troyes.com\/index.php\/articles\/","name":"Nos Articles sur le Neurofeedback - Neurofeedback Troyes","isPartOf":{"@id":"https:\/\/lime-rhinoceros-465958.hostingersite.com\/#website"},"primaryImageOfPage":{"@id":"https:\/\/neurofeedback-troyes.com\/index.php\/articles\/#primaryimage"},"image":{"@id":"https:\/\/neurofeedback-troyes.com\/index.php\/articles\/#primaryimage"},"thumbnailUrl":"http:\/\/neurofeedback-troyes.com\/wp-content\/uploads\/2020\/05\/image-archive_machine-neurofeedback.png","datePublished":"2020-05-12T09:04:18+00:00","dateModified":"2022-05-24T12:09:59+00:00","description":"Pour en apprendre plus sur le Neurofeedback Dynamique \u00ae, D\u00e9couvr\u00e9 tous nos articles sur ce sujet pour vous renseign\u00e9.","breadcrumb":{"@id":"https:\/\/neurofeedback-troyes.com\/index.php\/articles\/#breadcrumb"},"inLanguage":"fr-FR","potentialAction":[{"@type":"ReadAction","target":["https:\/\/neurofeedback-troyes.com\/index.php\/articles\/"]}]},{"@type":"ImageObject","inLanguage":"fr-FR","@id":"https:\/\/neurofeedback-troyes.com\/index.php\/articles\/#primaryimage","url":"https:\/\/neurofeedback-troyes.com\/wp-content\/uploads\/2020\/05\/image-archive_machine-neurofeedback.png","contentUrl":"https:\/\/neurofeedback-troyes.com\/wp-content\/uploads\/2020\/05\/image-archive_machine-neurofeedback.png","width":399,"height":284},{"@type":"BreadcrumbList","@id":"https:\/\/neurofeedback-troyes.com\/index.php\/articles\/#breadcrumb","itemListElement":[{"@type":"ListItem","position":1,"name":"Accueil","item":"https:\/\/neurofeedback-troyes.com\/"},{"@type":"ListItem","position":2,"name":"Nos Articles sur le Neurofeedback"}]},{"@type":"WebSite","@id":"https:\/\/lime-rhinoceros-465958.hostingersite.com\/#website","url":"https:\/\/lime-rhinoceros-465958.hostingersite.com\/","name":"neurofeedback-troyes","description":"NeuroFeedback Troyes - Votre vie sera meilleur","publisher":{"@id":"https:\/\/lime-rhinoceros-465958.hostingersite.com\/#\/schema\/person\/529e7d2f02ceb05384cddd0fbb0ee27f"},"potentialAction":[{"@type":"SearchAction","target":{"@type":"EntryPoint","urlTemplate":"https:\/\/lime-rhinoceros-465958.hostingersite.com\/?s={search_term_string}"},"query-input":{"@type":"PropertyValueSpecification","valueRequired":true,"valueName":"search_term_string"}}],"inLanguage":"fr-FR"},{"@type":["Person","Organization"],"@id":"https:\/\/lime-rhinoceros-465958.hostingersite.com\/#\/schema\/person\/529e7d2f02ceb05384cddd0fbb0ee27f","name":"admin5586","image":{"@type":"ImageObject","inLanguage":"fr-FR","@id":"https:\/\/neurofeedback-troyes.com\/wp-content\/uploads\/2020\/05\/cropped-logo2-1.png","url":"https:\/\/neurofeedback-troyes.com\/wp-content\/uploads\/2020\/05\/cropped-logo2-1.png","contentUrl":"https:\/\/neurofeedback-troyes.com\/wp-content\/uploads\/2020\/05\/cropped-logo2-1.png","width":374,"height":71,"caption":"admin5586"},"logo":{"@id":"https:\/\/neurofeedback-troyes.com\/wp-content\/uploads\/2020\/05\/cropped-logo2-1.png"}}]}},"_links":{"self":[{"href":"https:\/\/neurofeedback-troyes.com\/index.php\/wp-json\/wp\/v2\/pages\/57","targetHints":{"allow":["GET"]}}],"collection":[{"href":"https:\/\/neurofeedback-troyes.com\/index.php\/wp-json\/wp\/v2\/pages"}],"about":[{"href":"https:\/\/neurofeedback-troyes.com\/index.php\/wp-json\/wp\/v2\/types\/page"}],"author":[{"embeddable":true,"href":"https:\/\/neurofeedback-troyes.com\/index.php\/wp-json\/wp\/v2\/users\/2"}],"replies":[{"embeddable":true,"href":"https:\/\/neurofeedback-troyes.com\/index.php\/wp-json\/wp\/v2\/comments?post=57"}],"version-history":[{"count":0,"href":"https:\/\/neurofeedback-troyes.com\/index.php\/wp-json\/wp\/v2\/pages\/57\/revisions"}],"wp:attachment":[{"href":"https:\/\/neurofeedback-troyes.com\/index.php\/wp-json\/wp\/v2\/media?parent=57"}],"curies":[{"name":"wp","href":"https:\/\/api.w.org\/{rel}","templated":true}]}}