{"id":193,"date":"2020-05-14T10:16:09","date_gmt":"2020-05-14T08:16:09","guid":{"rendered":"http:\/\/neurofeedback-troyes.com\/?page_id=193"},"modified":"2022-05-24T15:50:49","modified_gmt":"2022-05-24T13:50:49","slug":"les-questions-les-plus-frequentes-concernant-neuroptimal","status":"publish","type":"page","link":"https:\/\/neurofeedback-troyes.com\/index.php\/les-questions-les-plus-frequentes-concernant-neuroptimal\/","title":{"rendered":"Les questions les plus fr\u00e9quentes concernant NeurOptimal\u00ae"},"content":{"rendered":"\t\t<div data-elementor-type=\"wp-page\" data-elementor-id=\"193\" class=\"elementor elementor-193\">\n\t\t\t\t\t\t<section class=\"elementor-section elementor-top-section elementor-element elementor-element-467a6ee elementor-section-height-min-height elementor-section-stretched elementor-section-boxed elementor-section-height-default elementor-section-items-middle\" data-id=\"467a6ee\" data-element_type=\"section\" data-e-type=\"section\" data-settings=\"{&quot;background_background&quot;:&quot;classic&quot;,&quot;stretch_section&quot;:&quot;section-stretched&quot;}\">\n\t\t\t\t\t\t<div class=\"elementor-container elementor-column-gap-default\">\n\t\t\t\t\t<div class=\"elementor-column elementor-col-100 elementor-top-column elementor-element elementor-element-882bb94\" data-id=\"882bb94\" data-element_type=\"column\" data-e-type=\"column\">\n\t\t\t<div class=\"elementor-widget-wrap elementor-element-populated\">\n\t\t\t\t\t\t<div class=\"elementor-element elementor-element-864f5c9 elementor-widget elementor-widget-heading\" data-id=\"864f5c9\" data-element_type=\"widget\" data-e-type=\"widget\" data-widget_type=\"heading.default\">\n\t\t\t\t<div class=\"elementor-widget-container\">\n\t\t\t\t\t<h1 class=\"elementor-heading-title elementor-size-default\">Les questions les plus fr\u00e9quentes concernant le NeurOptimal\u00ae<\/h1>\t\t\t\t<\/div>\n\t\t\t\t<\/div>\n\t\t\t\t\t<\/div>\n\t\t<\/div>\n\t\t\t\t\t<\/div>\n\t\t<\/section>\n\t\t\t\t<section class=\"elementor-section elementor-top-section elementor-element elementor-element-2bf78acc elementor-section-boxed elementor-section-height-default elementor-section-height-default\" data-id=\"2bf78acc\" data-element_type=\"section\" data-e-type=\"section\">\n\t\t\t\t\t\t<div class=\"elementor-container elementor-column-gap-default\">\n\t\t\t\t\t<div class=\"elementor-column elementor-col-100 elementor-top-column elementor-element elementor-element-6269cec3\" data-id=\"6269cec3\" data-element_type=\"column\" data-e-type=\"column\">\n\t\t\t<div class=\"elementor-widget-wrap elementor-element-populated\">\n\t\t\t\t\t\t<div class=\"elementor-element elementor-element-59435d elementor-widget elementor-widget-text-editor\" data-id=\"59435d\" data-element_type=\"widget\" data-e-type=\"widget\" data-widget_type=\"text-editor.default\">\n\t\t\t\t<div class=\"elementor-widget-container\">\n\t\t\t\t\t\t\t\t\t<p><\/p>\n<div class=\"wp-block-columns is-layout-flex wp-container-core-columns-is-layout-28f84493 wp-block-columns-is-layout-flex\">\n<p><\/p>\n<div class=\"wp-block-column is-layout-flow wp-block-column-is-layout-flow\" style=\"flex-basis: 73%;\">\n<p><\/p>\n<p><\/p>\n<h2 class=\"wp-block-heading\">Quel est le rythme des s\u00e9ances\u00a0?<\/h2>\n<p><\/p>\n<p><\/p>\n<p>Le rythme des s\u00e9ances est variable. Pour les premi\u00e8res s\u00e9ances de neurofeedback dynamique, il est conseill\u00e9 de faire <strong>deux s\u00e9ances par semaine<\/strong>, en revanche une s\u00e9ance hebdomadairement convient \u00e9galement. Ce rythme permettra de voir des changements tr\u00e8s rapidement.<br \/>Par la suite, d\u00e8s que vous ressentez une am\u00e9lioration g\u00e9n\u00e9rale et constant de votre \u00e9tat, les s\u00e9ances sont bien moins nombreuses. Elles peuvent aller entre 1 et 2 s\u00e9ances par mois qui est d\u00e9termin\u00e9 par rapport \u00e0 vos \u00ab\u00a0envie\u00a0\u00bb. C\u2019est \u00e0 vous de d\u00e9terminer si vous en avez plus ou moins le besoin.<\/p>\n<h2>Est-ce que c\u2019est possible de devenir addict \u00e0 NeurOptimal\u00ae\u00a0?<\/h2>\n<p><span style=\"font-size: 16px; color: var( --e-global-color-text ); font-family: var( --e-global-typography-text-font-family ), Sans-serif;\">Il n\u2019y a aucun ph\u00e9nom\u00e8ne d\u2019addiction aux s\u00e9ances NeurOptimal\u00ae. D\u00e8s que vous en aurez plus besoin, vous ressentirez vous-m\u00eame le moment d\u2019arr\u00eater.<\/span><\/p>\n<p><\/p>\n<p><\/p>\n<h2>Si c\u2019est un entrainement, est-ce que je peux perdre des avantages que NeurOptimal\u00ae m\u2019a permis d\u2019avoir\u00a0?<\/h2>\n<p>La m\u00e9thode NeurOptimal\u00ae apprend votre cerveau \u00e0 aller sur le \u00ab\u00a0droit chemin\u00a0\u00bb. Parfois on ressent des progr\u00e8s, dans ce cas, il faut bien laisser le temps \u00e0 notre cerveau d\u2019avoir \u00ab\u00a0acquis\u00a0\u00bb ce qu\u2019il a appris. Mais quand c\u2019est acquis, il n\u2019y a pas besoin de \u00ab\u00a0l\u2019entretenir\u00a0\u00bb comme on entretien ces muscles \u00e0 la salle de sport. Le cerveau le prend comme valid\u00e9 comme quand on apprend \u00e0 faire du v\u00e9lo, on n\u2019oublie jamais comment en faire.<\/p>\n<p><\/p>\n<p><\/p>\n<h2>Est-ce qu\u2019il y a des effets secondaires n\u00e9gatifs \u00e0 cette pratique\u00a0?<\/h2>\n<p>Aucune. Il n\u2019y a aucun effet n\u00e9gatif \u00e0 cette m\u00e9thode que ce soit \u00e0 court ou long termes.<\/p>\n<p><\/p>\n<p><\/p>\n<p><strong><u>Est-ce qu\u2019il y a un traitement m\u00e9dical \u00e0 suivre \u00e0 en dehors des s\u00e9ances\u00a0?<\/u><\/strong><\/p>\n<p>Il n\u2019y a aucun traitement m\u00e9dical. C\u2019est une solution qui est un entrainement c\u00e9r\u00e9bral qui permet au cerveau de se r\u00e9guler pour par la suite r\u00e9gler ces soucis naturellement. <br \/>Dans le cas o\u00f9 vous suivait d\u00e9j\u00e0 un traitement m\u00e9dical, cela ne g\u00e8ne en rien l\u2019efficacit\u00e9 de la m\u00e9thode NeurOptimal\u00ae.<\/p>\n<p><\/p>\n<p><\/p>\n<p><strong><u>Quel r\u00f4le joue le praticien qui utilise NeurOptimal\u00ae\u00a0?<\/u><\/strong><\/p>\n<p>Pendant la s\u00e9ance, le praticien est pr\u00e9sent pour vous accueillir et de vous mettre dans le plus grand confort possible accompagn\u00e9 d\u2019une bienveillance certaine. Il a un r\u00f4le important dans l\u2019accompagnement d\u2019un patient. Vous vous rendrez compte toujours mieux des effets positifs avec un praticien, et il apporte ce plus, les \u00e9changes avec le praticien est aussi une \u00e9tape \u00e0 ne pas n\u00e9gliger. Elle repr\u00e9sente un peu moins de la moiti\u00e9 d\u2019une s\u00e9ance \u00e9tant donn\u00e9 qu\u2019une s\u00e9ance dure environ 60 minutes et que la partie NeurOptimal\u00ae dure 33 minutes.<\/p>\n<p><\/p>\n<p><\/p>\n<p><strong><u>A quel \u00e2ge on peut commencer le neurofeedback dynamique\u00a0?<\/u><\/strong><\/p>\n<p>N\u2019importe quel \u00e2ge. Que ce soit un b\u00e9b\u00e9 de 6 mois ou une personne \u00e2g\u00e9e de 90 ans, NeurOptimal\u00ae travaille au niveau de l\u2019inconscient. Donc vraiment tout le monde peut faire une s\u00e9ance. Il n\u2019est jamais trop tard, ni trop t\u00f4t.<\/p>\n<\/div>\n<div class=\"wp-block-column autres-articles\" style=\"flex-basis: 26.9%;\">\n<p><\/p>\n<p><\/p>\n<h2 class=\"has-text-align-center wp-block-heading\">Nos autres articles<\/h2>\n<p><\/p>\n<p><\/p>\n<div class=\"wp-block-image img-articles\">\n<figure class=\"aligncenter size-large is-resized\"><a href=\"https:\/\/neurofeedback-troyes.com\/index.php\/origine-du-neurofeedback\/\"><img fetchpriority=\"high\" decoding=\"async\" class=\"wp-image-277\" title=\"\" src=\"https:\/\/neurofeedback-troyes.com\/wp-content\/uploads\/2020\/05\/image-archive_machine-neurofeedback.png\" alt=\"image s\u00e9ance avec premi\u00e8re machine Neurofeedback\" width=\"280\" height=\"199\" srcset=\"https:\/\/neurofeedback-troyes.com\/wp-content\/uploads\/2020\/05\/image-archive_machine-neurofeedback.png 399w, https:\/\/neurofeedback-troyes.com\/wp-content\/uploads\/2020\/05\/image-archive_machine-neurofeedback-300x214.png 300w\" sizes=\"(max-width: 280px) 100vw, 280px\" \/><\/a>\n<p>\u00a0<\/p>\n<p>\u00a0<\/p>\n<figcaption><strong>Origine du Neurofeedback<\/strong><\/figcaption>\n<\/figure>\n<\/div>\n<p><\/p>\n<p><\/p>\n<div class=\"wp-block-image img-articles\">\n<figure class=\"aligncenter size-large is-resized\"><a href=\"https:\/\/neurofeedback-troyes.com\/index.php\/neuroptimal\/\"><img decoding=\"async\" class=\"wp-image-568\" src=\"https:\/\/neurofeedback-troyes.com\/wp-content\/uploads\/2020\/05\/20170707-neuroptimal-stock-56-1.jpeg\" alt=\"image enfant en s\u00e9ance NeurOptimal\u00ae\" width=\"280\" height=\"200\" \/><\/a>\n<p>\u00a0<\/p>\n<p>\u00a0<\/p>\n<figcaption><strong>Pr\u00e9sentation compl\u00e8te sur NeurOptimal\u00ae<\/strong><\/figcaption>\n<\/figure>\n<\/div>\n<p><\/p>\n<p><\/p>\n<div class=\"wp-block-image img-articles\">\n<figure class=\"aligncenter size-large is-resized\"><a href=\"https:\/\/neurofeedback-troyes.com\/index.php\/le-cerveau-par-rapport-a-neuroptimal\/\"><img decoding=\"async\" class=\"wp-image-545\" src=\"https:\/\/neurofeedback-troyes.com\/wp-content\/uploads\/2020\/05\/r-seau-neuronal_orig.jpg\" alt=\"image repr\u00e9sentant des connexions neuronales\" width=\"280\" height=\"196\" srcset=\"https:\/\/neurofeedback-troyes.com\/wp-content\/uploads\/2020\/05\/r-seau-neuronal_orig.jpg 500w, https:\/\/neurofeedback-troyes.com\/wp-content\/uploads\/2020\/05\/r-seau-neuronal_orig-300x210.jpg 300w\" sizes=\"(max-width: 280px) 100vw, 280px\" \/><\/a>\n<p>\u00a0<\/p>\n<p>\u00a0<\/p>\n<figcaption><strong><strong>Le cerveau par rapport \u00e0 NeurOptimal\u00ae<\/strong><\/strong><\/figcaption>\n<\/figure>\n<\/div>\n<p><\/p>\n<p><\/p>\n<div class=\"wp-block-image img-articles\">\n<figure class=\"aligncenter size-large is-resized\"><a href=\"https:\/\/neurofeedback-troyes.com\/index.php\/neurofeedback-dynamique-et-lineaire\/\"><img loading=\"lazy\" decoding=\"async\" class=\"wp-image-534\" src=\"https:\/\/neurofeedback-troyes.com\/wp-content\/uploads\/2020\/05\/feedback-1.jpg\" alt=\"rapport sur tablette de l'activit\u00e9 c\u00e9r\u00e9brale d'un cerveau\" width=\"280\" height=\"196\" srcset=\"https:\/\/neurofeedback-troyes.com\/wp-content\/uploads\/2020\/05\/feedback-1.jpg 500w, https:\/\/neurofeedback-troyes.com\/wp-content\/uploads\/2020\/05\/feedback-1-300x210.jpg 300w\" sizes=\"(max-width: 280px) 100vw, 280px\" \/><\/a>\n<p>\u00a0<\/p>\n<p>\u00a0<\/p>\n<figcaption><strong><strong><strong>Neurofeedback dynamique et lin\u00e9aire<\/strong><\/strong><\/strong><\/figcaption>\n<\/figure>\n<\/div>\n<p><\/p>\n<p><\/p>\n<div class=\"wp-block-image img-articles\">\n<figure class=\"aligncenter size-large is-resized\"><a href=\"https:\/\/neurofeedback-troyes.com\/index.php\/neuroptimal-aussi-pour-les-animaux\/\"><img loading=\"lazy\" decoding=\"async\" class=\"wp-image-556\" src=\"https:\/\/neurofeedback-troyes.com\/wp-content\/uploads\/2020\/05\/animal1.jpg\" alt=\"chien de race boxer, avec les capteurs pour la s\u00e9ance NeurOptimal\u00ae\" width=\"280\" height=\"195\" srcset=\"https:\/\/neurofeedback-troyes.com\/wp-content\/uploads\/2020\/05\/animal1.jpg 500w, https:\/\/neurofeedback-troyes.com\/wp-content\/uploads\/2020\/05\/animal1-300x210.jpg 300w\" sizes=\"(max-width: 280px) 100vw, 280px\" \/><\/a>\n<p>\u00a0<\/p>\n<p>\u00a0<\/p>\n<figcaption><strong><strong><strong>NeurOptimal\u00ae<\/strong><\/strong><\/strong> <strong>sur les animaux<\/strong><\/figcaption>\n<\/figure>\n<\/div>\n<p><\/p>\n<\/div>\n<p><\/p>\n<\/div>\n<p><\/p>\n<p>\n<p style=\"display:inline-block; vertical-align=top;\"><b>R\u00e9seaux sociaux : <\/b><\/p> \n<a style=\"display:inline-block; vertical-align=top;\" href=\"https:\/\/www.facebook.com\/Neurofeedback-Dynamique-Troyes-100327658378694\/?eid=ARDNBb6BfxZFoa2uOsIPL2JkXpv7FfYzPaAALieH9M4uel81iUK3Cnp_q0ToSqXUZR-E8SkizHU8KgZs\" target=\"facebook\" rel=\"noopener noreferrer\"> <img decoding=\"async\" src=\"https:\/\/neurofeedback-troyes.com\/wp-content\/uploads\/2020\/05\/facebook.jpg\" alt=\"logo facebook\" width=\"30px\"> <\/a>\n<\/p>\t\t\t\t\t\t\t\t<\/div>\n\t\t\t\t<\/div>\n\t\t\t\t\t<\/div>\n\t\t<\/div>\n\t\t\t\t\t<\/div>\n\t\t<\/section>\n\t\t\t\t<\/div>\n\t\t","protected":false},"excerpt":{"rendered":"<p>Les questions les plus fr\u00e9quentes concernant le NeurOptimal\u00ae Quel est le rythme des s\u00e9ances\u00a0? Le rythme des s\u00e9ances est variable. Pour les premi\u00e8res s\u00e9ances de neurofeedback dynamique, il est conseill\u00e9 de faire deux s\u00e9ances par semaine, en revanche une s\u00e9ance hebdomadairement convient \u00e9galement. Ce rythme permettra de voir des changements tr\u00e8s rapidement.Par la suite, d\u00e8s [&hellip;]<\/p>\n","protected":false},"author":1,"featured_media":477,"parent":0,"menu_order":0,"comment_status":"closed","ping_status":"closed","template":"elementor_header_footer","meta":{"site-sidebar-layout":"default","site-content-layout":"default","ast-site-content-layout":"","site-content-style":"default","site-sidebar-style":"default","ast-global-header-display":"","ast-banner-title-visibility":"","ast-main-header-display":"","ast-hfb-above-header-display":"","ast-hfb-below-header-display":"","ast-hfb-mobile-header-display":"","site-post-title":"","ast-breadcrumbs-content":"","ast-featured-img":"disabled","footer-sml-layout":"","theme-transparent-header-meta":"default","adv-header-id-meta":"","stick-header-meta":"","header-above-stick-meta":"","header-main-stick-meta":"","header-below-stick-meta":"","astra-migrate-meta-layouts":"default","ast-page-background-enabled":"default","ast-page-background-meta":{"desktop":{"background-color":"","background-image":"","background-repeat":"repeat","background-position":"center center","background-size":"auto","background-attachment":"scroll","background-type":"","background-media":"","overlay-type":"","overlay-color":"","overlay-opacity":"","overlay-gradient":""},"tablet":{"background-color":"","background-image":"","background-repeat":"repeat","background-position":"center center","background-size":"auto","background-attachment":"scroll","background-type":"","background-media":"","overlay-type":"","overlay-color":"","overlay-opacity":"","overlay-gradient":""},"mobile":{"background-color":"","background-image":"","background-repeat":"repeat","background-position":"center center","background-size":"auto","background-attachment":"scroll","background-type":"","background-media":"","overlay-type":"","overlay-color":"","overlay-opacity":"","overlay-gradient":""}},"ast-content-background-meta":{"desktop":{"background-color":"var(--ast-global-color-5)","background-image":"","background-repeat":"repeat","background-position":"center center","background-size":"auto","background-attachment":"scroll","background-type":"","background-media":"","overlay-type":"","overlay-color":"","overlay-opacity":"","overlay-gradient":""},"tablet":{"background-color":"var(--ast-global-color-5)","background-image":"","background-repeat":"repeat","background-position":"center center","background-size":"auto","background-attachment":"scroll","background-type":"","background-media":"","overlay-type":"","overlay-color":"","overlay-opacity":"","overlay-gradient":""},"mobile":{"background-color":"var(--ast-global-color-5)","background-image":"","background-repeat":"repeat","background-position":"center center","background-size":"auto","background-attachment":"scroll","background-type":"","background-media":"","overlay-type":"","overlay-color":"","overlay-opacity":"","overlay-gradient":""}},"footnotes":""},"class_list":["post-193","page","type-page","status-publish","has-post-thumbnail","hentry"],"yoast_head":"<!-- This site is optimized with the Yoast SEO plugin v27.4 - https:\/\/yoast.com\/product\/yoast-seo-wordpress\/ -->\n<title>Les questions fr\u00e9quemment pos\u00e9es - neurofeedback Troyes<\/title>\n<meta name=\"description\" content=\"Voici une liste non exhaustive des questions les plus fr\u00e9quemment pos\u00e9es concernant le neurofeedback Dynamique \u00ae\" \/>\n<meta name=\"robots\" content=\"index, follow, max-snippet:-1, max-image-preview:large, max-video-preview:-1\" \/>\n<link rel=\"canonical\" href=\"https:\/\/neurofeedback-troyes.com\/index.php\/les-questions-les-plus-frequentes-concernant-neuroptimal\/\" \/>\n<meta property=\"og:locale\" content=\"fr_FR\" \/>\n<meta property=\"og:type\" content=\"article\" \/>\n<meta property=\"og:title\" content=\"Les questions fr\u00e9quemment pos\u00e9es - neurofeedback Troyes\" \/>\n<meta property=\"og:description\" content=\"Voici une liste non exhaustive des questions les plus fr\u00e9quemment pos\u00e9es concernant le neurofeedback Dynamique \u00ae\" \/>\n<meta property=\"og:url\" content=\"https:\/\/neurofeedback-troyes.com\/index.php\/les-questions-les-plus-frequentes-concernant-neuroptimal\/\" \/>\n<meta property=\"article:modified_time\" content=\"2022-05-24T13:50:49+00:00\" \/>\n<meta property=\"og:image\" content=\"https:\/\/neurofeedback-troyes.com\/wp-content\/uploads\/2020\/05\/ic\u00f4ne-1-e1589881816807.png\" \/>\n\t<meta property=\"og:image:width\" content=\"250\" \/>\n\t<meta property=\"og:image:height\" content=\"160\" \/>\n\t<meta property=\"og:image:type\" content=\"image\/png\" \/>\n<meta name=\"twitter:card\" content=\"summary_large_image\" \/>\n<meta name=\"twitter:label1\" content=\"Dur\u00e9e de lecture estim\u00e9e\" \/>\n\t<meta name=\"twitter:data1\" content=\"3 minutes\" \/>\n<script type=\"application\/ld+json\" class=\"yoast-schema-graph\">{\"@context\":\"https:\\\/\\\/schema.org\",\"@graph\":[{\"@type\":\"WebPage\",\"@id\":\"https:\\\/\\\/neurofeedback-troyes.com\\\/index.php\\\/les-questions-les-plus-frequentes-concernant-neuroptimal\\\/\",\"url\":\"https:\\\/\\\/neurofeedback-troyes.com\\\/index.php\\\/les-questions-les-plus-frequentes-concernant-neuroptimal\\\/\",\"name\":\"Les questions fr\u00e9quemment pos\u00e9es - neurofeedback Troyes\",\"isPartOf\":{\"@id\":\"https:\\\/\\\/lime-rhinoceros-465958.hostingersite.com\\\/#website\"},\"primaryImageOfPage\":{\"@id\":\"https:\\\/\\\/neurofeedback-troyes.com\\\/index.php\\\/les-questions-les-plus-frequentes-concernant-neuroptimal\\\/#primaryimage\"},\"image\":{\"@id\":\"https:\\\/\\\/neurofeedback-troyes.com\\\/index.php\\\/les-questions-les-plus-frequentes-concernant-neuroptimal\\\/#primaryimage\"},\"thumbnailUrl\":\"https:\\\/\\\/neurofeedback-troyes.com\\\/wp-content\\\/uploads\\\/2020\\\/05\\\/ic\u00f4ne-1-e1589881816807.png\",\"datePublished\":\"2020-05-14T08:16:09+00:00\",\"dateModified\":\"2022-05-24T13:50:49+00:00\",\"description\":\"Voici une liste non exhaustive des questions les plus fr\u00e9quemment pos\u00e9es concernant le neurofeedback Dynamique \u00ae\",\"breadcrumb\":{\"@id\":\"https:\\\/\\\/neurofeedback-troyes.com\\\/index.php\\\/les-questions-les-plus-frequentes-concernant-neuroptimal\\\/#breadcrumb\"},\"inLanguage\":\"fr-FR\",\"potentialAction\":[{\"@type\":\"ReadAction\",\"target\":[\"https:\\\/\\\/neurofeedback-troyes.com\\\/index.php\\\/les-questions-les-plus-frequentes-concernant-neuroptimal\\\/\"]}]},{\"@type\":\"ImageObject\",\"inLanguage\":\"fr-FR\",\"@id\":\"https:\\\/\\\/neurofeedback-troyes.com\\\/index.php\\\/les-questions-les-plus-frequentes-concernant-neuroptimal\\\/#primaryimage\",\"url\":\"https:\\\/\\\/neurofeedback-troyes.com\\\/wp-content\\\/uploads\\\/2020\\\/05\\\/ic\u00f4ne-1-e1589881816807.png\",\"contentUrl\":\"https:\\\/\\\/neurofeedback-troyes.com\\\/wp-content\\\/uploads\\\/2020\\\/05\\\/ic\u00f4ne-1-e1589881816807.png\",\"width\":250,\"height\":160},{\"@type\":\"BreadcrumbList\",\"@id\":\"https:\\\/\\\/neurofeedback-troyes.com\\\/index.php\\\/les-questions-les-plus-frequentes-concernant-neuroptimal\\\/#breadcrumb\",\"itemListElement\":[{\"@type\":\"ListItem\",\"position\":1,\"name\":\"Accueil\",\"item\":\"https:\\\/\\\/neurofeedback-troyes.com\\\/\"},{\"@type\":\"ListItem\",\"position\":2,\"name\":\"Les questions les plus fr\u00e9quentes concernant NeurOptimal\u00ae\"}]},{\"@type\":\"WebSite\",\"@id\":\"https:\\\/\\\/lime-rhinoceros-465958.hostingersite.com\\\/#website\",\"url\":\"https:\\\/\\\/lime-rhinoceros-465958.hostingersite.com\\\/\",\"name\":\"neurofeedback-troyes\",\"description\":\"NeuroFeedback Troyes - Votre vie sera meilleur\",\"publisher\":{\"@id\":\"https:\\\/\\\/lime-rhinoceros-465958.hostingersite.com\\\/#\\\/schema\\\/person\\\/529e7d2f02ceb05384cddd0fbb0ee27f\"},\"potentialAction\":[{\"@type\":\"SearchAction\",\"target\":{\"@type\":\"EntryPoint\",\"urlTemplate\":\"https:\\\/\\\/lime-rhinoceros-465958.hostingersite.com\\\/?s={search_term_string}\"},\"query-input\":{\"@type\":\"PropertyValueSpecification\",\"valueRequired\":true,\"valueName\":\"search_term_string\"}}],\"inLanguage\":\"fr-FR\"},{\"@type\":[\"Person\",\"Organization\"],\"@id\":\"https:\\\/\\\/lime-rhinoceros-465958.hostingersite.com\\\/#\\\/schema\\\/person\\\/529e7d2f02ceb05384cddd0fbb0ee27f\",\"name\":\"admin5586\",\"image\":{\"@type\":\"ImageObject\",\"inLanguage\":\"fr-FR\",\"@id\":\"https:\\\/\\\/neurofeedback-troyes.com\\\/wp-content\\\/uploads\\\/2020\\\/05\\\/cropped-logo2-1.png\",\"url\":\"https:\\\/\\\/neurofeedback-troyes.com\\\/wp-content\\\/uploads\\\/2020\\\/05\\\/cropped-logo2-1.png\",\"contentUrl\":\"https:\\\/\\\/neurofeedback-troyes.com\\\/wp-content\\\/uploads\\\/2020\\\/05\\\/cropped-logo2-1.png\",\"width\":374,\"height\":71,\"caption\":\"admin5586\"},\"logo\":{\"@id\":\"https:\\\/\\\/neurofeedback-troyes.com\\\/wp-content\\\/uploads\\\/2020\\\/05\\\/cropped-logo2-1.png\"}}]}<\/script>\n<!-- \/ Yoast SEO plugin. -->","yoast_head_json":{"title":"Les questions fr\u00e9quemment pos\u00e9es - neurofeedback Troyes","description":"Voici une liste non exhaustive des questions les plus fr\u00e9quemment pos\u00e9es concernant le neurofeedback Dynamique \u00ae","robots":{"index":"index","follow":"follow","max-snippet":"max-snippet:-1","max-image-preview":"max-image-preview:large","max-video-preview":"max-video-preview:-1"},"canonical":"https:\/\/neurofeedback-troyes.com\/index.php\/les-questions-les-plus-frequentes-concernant-neuroptimal\/","og_locale":"fr_FR","og_type":"article","og_title":"Les questions fr\u00e9quemment pos\u00e9es - neurofeedback Troyes","og_description":"Voici une liste non exhaustive des questions les plus fr\u00e9quemment pos\u00e9es concernant le neurofeedback Dynamique \u00ae","og_url":"https:\/\/neurofeedback-troyes.com\/index.php\/les-questions-les-plus-frequentes-concernant-neuroptimal\/","article_modified_time":"2022-05-24T13:50:49+00:00","og_image":[{"width":250,"height":160,"url":"https:\/\/neurofeedback-troyes.com\/wp-content\/uploads\/2020\/05\/ic\u00f4ne-1-e1589881816807.png","type":"image\/png"}],"twitter_card":"summary_large_image","twitter_misc":{"Dur\u00e9e de lecture estim\u00e9e":"3 minutes"},"schema":{"@context":"https:\/\/schema.org","@graph":[{"@type":"WebPage","@id":"https:\/\/neurofeedback-troyes.com\/index.php\/les-questions-les-plus-frequentes-concernant-neuroptimal\/","url":"https:\/\/neurofeedback-troyes.com\/index.php\/les-questions-les-plus-frequentes-concernant-neuroptimal\/","name":"Les questions fr\u00e9quemment pos\u00e9es - neurofeedback Troyes","isPartOf":{"@id":"https:\/\/lime-rhinoceros-465958.hostingersite.com\/#website"},"primaryImageOfPage":{"@id":"https:\/\/neurofeedback-troyes.com\/index.php\/les-questions-les-plus-frequentes-concernant-neuroptimal\/#primaryimage"},"image":{"@id":"https:\/\/neurofeedback-troyes.com\/index.php\/les-questions-les-plus-frequentes-concernant-neuroptimal\/#primaryimage"},"thumbnailUrl":"https:\/\/neurofeedback-troyes.com\/wp-content\/uploads\/2020\/05\/ic\u00f4ne-1-e1589881816807.png","datePublished":"2020-05-14T08:16:09+00:00","dateModified":"2022-05-24T13:50:49+00:00","description":"Voici une liste non exhaustive des questions les plus fr\u00e9quemment pos\u00e9es concernant le neurofeedback Dynamique \u00ae","breadcrumb":{"@id":"https:\/\/neurofeedback-troyes.com\/index.php\/les-questions-les-plus-frequentes-concernant-neuroptimal\/#breadcrumb"},"inLanguage":"fr-FR","potentialAction":[{"@type":"ReadAction","target":["https:\/\/neurofeedback-troyes.com\/index.php\/les-questions-les-plus-frequentes-concernant-neuroptimal\/"]}]},{"@type":"ImageObject","inLanguage":"fr-FR","@id":"https:\/\/neurofeedback-troyes.com\/index.php\/les-questions-les-plus-frequentes-concernant-neuroptimal\/#primaryimage","url":"https:\/\/neurofeedback-troyes.com\/wp-content\/uploads\/2020\/05\/ic\u00f4ne-1-e1589881816807.png","contentUrl":"https:\/\/neurofeedback-troyes.com\/wp-content\/uploads\/2020\/05\/ic\u00f4ne-1-e1589881816807.png","width":250,"height":160},{"@type":"BreadcrumbList","@id":"https:\/\/neurofeedback-troyes.com\/index.php\/les-questions-les-plus-frequentes-concernant-neuroptimal\/#breadcrumb","itemListElement":[{"@type":"ListItem","position":1,"name":"Accueil","item":"https:\/\/neurofeedback-troyes.com\/"},{"@type":"ListItem","position":2,"name":"Les questions les plus fr\u00e9quentes concernant NeurOptimal\u00ae"}]},{"@type":"WebSite","@id":"https:\/\/lime-rhinoceros-465958.hostingersite.com\/#website","url":"https:\/\/lime-rhinoceros-465958.hostingersite.com\/","name":"neurofeedback-troyes","description":"NeuroFeedback Troyes - Votre vie sera meilleur","publisher":{"@id":"https:\/\/lime-rhinoceros-465958.hostingersite.com\/#\/schema\/person\/529e7d2f02ceb05384cddd0fbb0ee27f"},"potentialAction":[{"@type":"SearchAction","target":{"@type":"EntryPoint","urlTemplate":"https:\/\/lime-rhinoceros-465958.hostingersite.com\/?s={search_term_string}"},"query-input":{"@type":"PropertyValueSpecification","valueRequired":true,"valueName":"search_term_string"}}],"inLanguage":"fr-FR"},{"@type":["Person","Organization"],"@id":"https:\/\/lime-rhinoceros-465958.hostingersite.com\/#\/schema\/person\/529e7d2f02ceb05384cddd0fbb0ee27f","name":"admin5586","image":{"@type":"ImageObject","inLanguage":"fr-FR","@id":"https:\/\/neurofeedback-troyes.com\/wp-content\/uploads\/2020\/05\/cropped-logo2-1.png","url":"https:\/\/neurofeedback-troyes.com\/wp-content\/uploads\/2020\/05\/cropped-logo2-1.png","contentUrl":"https:\/\/neurofeedback-troyes.com\/wp-content\/uploads\/2020\/05\/cropped-logo2-1.png","width":374,"height":71,"caption":"admin5586"},"logo":{"@id":"https:\/\/neurofeedback-troyes.com\/wp-content\/uploads\/2020\/05\/cropped-logo2-1.png"}}]}},"_links":{"self":[{"href":"https:\/\/neurofeedback-troyes.com\/index.php\/wp-json\/wp\/v2\/pages\/193","targetHints":{"allow":["GET"]}}],"collection":[{"href":"https:\/\/neurofeedback-troyes.com\/index.php\/wp-json\/wp\/v2\/pages"}],"about":[{"href":"https:\/\/neurofeedback-troyes.com\/index.php\/wp-json\/wp\/v2\/types\/page"}],"author":[{"embeddable":true,"href":"https:\/\/neurofeedback-troyes.com\/index.php\/wp-json\/wp\/v2\/users\/1"}],"replies":[{"embeddable":true,"href":"https:\/\/neurofeedback-troyes.com\/index.php\/wp-json\/wp\/v2\/comments?post=193"}],"version-history":[{"count":0,"href":"https:\/\/neurofeedback-troyes.com\/index.php\/wp-json\/wp\/v2\/pages\/193\/revisions"}],"wp:featuredmedia":[{"embeddable":true,"href":"https:\/\/neurofeedback-troyes.com\/index.php\/wp-json\/wp\/v2\/media\/477"}],"wp:attachment":[{"href":"https:\/\/neurofeedback-troyes.com\/index.php\/wp-json\/wp\/v2\/media?parent=193"}],"curies":[{"name":"wp","href":"https:\/\/api.w.org\/{rel}","templated":true}]}}